{"id":1347,"date":"2025-08-08T14:39:10","date_gmt":"2025-08-08T12:39:10","guid":{"rendered":"https:\/\/www.motoclubjmp-racing.com\/?page_id=1347"},"modified":"2025-08-08T15:04:42","modified_gmt":"2025-08-08T13:04:42","slug":"enduro-gravona","status":"publish","type":"page","link":"https:\/\/www.motoclubjmp-racing.com\/index.php\/enduro-gravona\/","title":{"rendered":"Enduro de la Gravona"},"content":{"rendered":"\t\t<div data-elementor-type=\"wp-page\" data-elementor-id=\"1347\" class=\"elementor elementor-1347\">\n\t\t\t\t<div class=\"elementor-element elementor-element-9224138 e-flex e-con-boxed e-con e-parent\" data-id=\"9224138\" data-element_type=\"container\">\n\t\t\t\t\t<div class=\"e-con-inner\">\n\t\t\t\t<div class=\"elementor-element elementor-element-15386e9 elementor-widget elementor-widget-heading\" data-id=\"15386e9\" data-element_type=\"widget\" data-widget_type=\"heading.default\">\n\t\t\t\t<div class=\"elementor-widget-container\">\n\t\t\t\t\t<h2 class=\"elementor-heading-title elementor-size-default\">Course r\u00e9gionale Enduro TT de la Gravona\n<br><br>\n19 Octobre 2025<\/h2>\t\t\t\t<\/div>\n\t\t\t\t<\/div>\n\t\t\t\t\t<\/div>\n\t\t\t\t<\/div>\n\t\t<div class=\"elementor-element elementor-element-00bc9ac e-flex e-con-boxed e-con e-parent\" data-id=\"00bc9ac\" data-element_type=\"container\">\n\t\t\t\t\t<div class=\"e-con-inner\">\n\t\t\t\t<div class=\"elementor-element elementor-element-0c21468 elementor-widget elementor-widget-text-editor\" data-id=\"0c21468\" data-element_type=\"widget\" data-widget_type=\"text-editor.default\">\n\t\t\t\t<div class=\"elementor-widget-container\">\n\t\t\t\t\t\t\t\t\t<p><span style=\"color: #000000;\">\ud83c\udfc1 <strong data-start=\"53\" data-end=\"115\">Course R\u00e9gionale Enduro TT de la Gravona \u2013 19 octobre 2025<\/strong> \ud83c\udfcd\ufe0f<\/span><\/p><p><br data-start=\"119\" data-end=\"122\" \/><span style=\"color: #000000;\">Nous vous donnons rendez-vous le <strong data-start=\"155\" data-end=\"183\">dimanche 19 octobre 2025<\/strong> pour une nouvelle \u00e9dition de l&rsquo;<strong data-start=\"215\" data-end=\"242\" data-is-only-node=\"\">Enduro TT de la Gravona<\/strong> ! Cette ann\u00e9e, d\u00e9couvrez un <strong data-start=\"271\" data-end=\"301\">parcours totalement in\u00e9dit<\/strong>, alliant technicit\u00e9, plaisir de pilotage et paysages exceptionnels.<\/span><br data-start=\"369\" data-end=\"372\" \/><span style=\"color: #000000;\">Pr\u00e9parez-vous \u00e0 relever le d\u00e9fi !<\/span><\/p>\t\t\t\t\t\t\t\t<\/div>\n\t\t\t\t<\/div>\n\t\t\t\t\t<\/div>\n\t\t\t\t<\/div>\n\t\t<div class=\"elementor-element elementor-element-8d477ec e-flex e-con-boxed e-con e-parent\" data-id=\"8d477ec\" data-element_type=\"container\">\n\t\t\t\t\t<div class=\"e-con-inner\">\n\t\t\t\t<div class=\"elementor-element elementor-element-641e19d elementor-widget elementor-widget-text-editor\" data-id=\"641e19d\" data-element_type=\"widget\" data-widget_type=\"text-editor.default\">\n\t\t\t\t<div class=\"elementor-widget-container\">\n\t\t\t\t\t\t\t\t\t<h3 class=\"\" data-start=\"2299\" data-end=\"2318\"><span style=\"color: #000000;\"><img decoding=\"async\" class=\"emoji\" role=\"img\" draggable=\"false\" src=\"https:\/\/s.w.org\/images\/core\/emoji\/16.0.1\/svg\/1f4c5.svg\" alt=\"\ud83d\udcc5\" \/> Inscriptions<\/span><\/h3><ul data-start=\"2320\" data-end=\"2613\"><li class=\"\" data-start=\"2320\" data-end=\"2424\"><p class=\"\" data-start=\"2322\" data-end=\"2424\"><span style=\"color: #000000;\"><strong data-start=\"2322\" data-end=\"2350\">Cl\u00f4ture des inscriptions<\/strong> :<\/span><\/p><ul><li><p class=\"asc-c-FSTLetter\"><span style=\"color: #000000;\">lundi 13 octobre 2025, Inscription major\u00e9e de 20 \u20ac<\/span><\/p><\/li><li><p class=\"asc-c-FSTLetter\"><span style=\"color: #000000;\">mardi 14 octobre 2025, 22:00, fermeture des inscriptions<\/span><\/p><\/li><\/ul><\/li><\/ul>\t\t\t\t\t\t\t\t<\/div>\n\t\t\t\t<\/div>\n\t\t\t\t\t<\/div>\n\t\t\t\t<\/div>\n\t\t<div class=\"elementor-element elementor-element-42b7ddc e-flex e-con-boxed e-con e-parent\" data-id=\"42b7ddc\" data-element_type=\"container\">\n\t\t\t\t\t<div class=\"e-con-inner\">\n\t\t\t\t<div class=\"elementor-element elementor-element-4f15ed9 elementor-align-center elementor-widget elementor-widget-button\" data-id=\"4f15ed9\" data-element_type=\"widget\" data-widget_type=\"button.default\">\n\t\t\t\t<div class=\"elementor-widget-container\">\n\t\t\t\t\t\t\t\t\t<div class=\"elementor-button-wrapper\">\n\t\t\t\t\t<a class=\"elementor-button elementor-button-link elementor-size-sm\" href=\"https:\/\/ffm.engage-sports.com\/3-enduro-de-la-gravona-2025\/\">\n\t\t\t\t\t\t<span class=\"elementor-button-content-wrapper\">\n\t\t\t\t\t\t\t\t\t<span class=\"elementor-button-text\">Inscription sur ENGAGE SPORTS<\/span>\n\t\t\t\t\t<\/span>\n\t\t\t\t\t<\/a>\n\t\t\t\t<\/div>\n\t\t\t\t\t\t\t\t<\/div>\n\t\t\t\t<\/div>\n\t\t\t\t\t<\/div>\n\t\t\t\t<\/div>\n\t\t<div class=\"elementor-element elementor-element-88dedfd e-flex e-con-boxed e-con e-parent\" data-id=\"88dedfd\" data-element_type=\"container\">\n\t\t\t\t\t<div class=\"e-con-inner\">\n\t\t\t\t<div class=\"elementor-element elementor-element-8e79784 elementor-widget elementor-widget-image\" data-id=\"8e79784\" data-element_type=\"widget\" data-widget_type=\"image.default\">\n\t\t\t\t<div class=\"elementor-widget-container\">\n\t\t\t\t\t\t\t\t\t\t\t\t\t\t\t<img fetchpriority=\"high\" decoding=\"async\" width=\"1024\" height=\"673\" src=\"https:\/\/www.motoclubjmp-racing.com\/wp-content\/uploads\/2025\/08\/IMG_4425-1-1024x673.jpg\" class=\"attachment-large size-large wp-image-1381\" alt=\"\" srcset=\"https:\/\/www.motoclubjmp-racing.com\/wp-content\/uploads\/2025\/08\/IMG_4425-1-1024x673.jpg 1024w, https:\/\/www.motoclubjmp-racing.com\/wp-content\/uploads\/2025\/08\/IMG_4425-1-300x197.jpg 300w, https:\/\/www.motoclubjmp-racing.com\/wp-content\/uploads\/2025\/08\/IMG_4425-1-768x504.jpg 768w, https:\/\/www.motoclubjmp-racing.com\/wp-content\/uploads\/2025\/08\/IMG_4425-1-1536x1009.jpg 1536w, https:\/\/www.motoclubjmp-racing.com\/wp-content\/uploads\/2025\/08\/IMG_4425-1-2048x1345.jpg 2048w\" sizes=\"(max-width: 1024px) 100vw, 1024px\" \/>\t\t\t\t\t\t\t\t\t\t\t\t\t\t\t<\/div>\n\t\t\t\t<\/div>\n\t\t\t\t\t<\/div>\n\t\t\t\t<\/div>\n\t\t<div class=\"elementor-element elementor-element-7852931d e-flex e-con-boxed e-con e-parent\" data-id=\"7852931d\" data-element_type=\"container\" data-settings=\"{&quot;background_background&quot;:&quot;classic&quot;}\">\n\t\t\t\t\t<div class=\"e-con-inner\">\n\t\t\t\t<div class=\"elementor-element elementor-element-4ed32516 elementor-arrows-position-inside elementor-pagination-position-outside elementor-widget elementor-widget-image-carousel\" data-id=\"4ed32516\" data-element_type=\"widget\" data-settings=\"{&quot;slides_to_show&quot;:&quot;3&quot;,&quot;slides_to_scroll&quot;:&quot;3&quot;,&quot;navigation&quot;:&quot;both&quot;,&quot;autoplay&quot;:&quot;yes&quot;,&quot;pause_on_hover&quot;:&quot;yes&quot;,&quot;pause_on_interaction&quot;:&quot;yes&quot;,&quot;autoplay_speed&quot;:5000,&quot;infinite&quot;:&quot;yes&quot;,&quot;speed&quot;:500}\" data-widget_type=\"image-carousel.default\">\n\t\t\t\t<div class=\"elementor-widget-container\">\n\t\t\t\t\t\t\t<div class=\"elementor-image-carousel-wrapper swiper\" role=\"region\" aria-roledescription=\"carousel\" aria-label=\"Carrousel d\u2019images\" dir=\"ltr\">\n\t\t\t<div class=\"elementor-image-carousel swiper-wrapper\" aria-live=\"off\">\n\t\t\t\t\t\t\t\t<div class=\"swiper-slide\" role=\"group\" aria-roledescription=\"slide\" aria-label=\"1 sur 15\"><figure class=\"swiper-slide-inner\"><img decoding=\"async\" class=\"swiper-slide-image\" src=\"https:\/\/www.motoclubjmp-racing.com\/wp-content\/uploads\/2025\/02\/linea.jpg\" alt=\"linea\" \/><\/figure><\/div><div class=\"swiper-slide\" role=\"group\" aria-roledescription=\"slide\" aria-label=\"2 sur 15\"><figure class=\"swiper-slide-inner\"><img decoding=\"async\" class=\"swiper-slide-image\" src=\"https:\/\/www.motoclubjmp-racing.com\/wp-content\/uploads\/2025\/02\/ml-300x152.jpg\" alt=\"ml\" \/><\/figure><\/div><div class=\"swiper-slide\" role=\"group\" aria-roledescription=\"slide\" aria-label=\"3 sur 15\"><figure class=\"swiper-slide-inner\"><img decoding=\"async\" class=\"swiper-slide-image\" src=\"https:\/\/www.motoclubjmp-racing.com\/wp-content\/uploads\/2025\/02\/LOGO-PIETRI-300x123.jpg\" alt=\"LOGO PIETRI\" \/><\/figure><\/div><div class=\"swiper-slide\" role=\"group\" aria-roledescription=\"slide\" aria-label=\"4 sur 15\"><figure class=\"swiper-slide-inner\"><img decoding=\"async\" class=\"swiper-slide-image\" src=\"https:\/\/www.motoclubjmp-racing.com\/wp-content\/uploads\/2025\/03\/LOGO-IMPECCLIM-300x222.jpg\" alt=\"LOGO-IMPECCLIM\" \/><\/figure><\/div><div class=\"swiper-slide\" role=\"group\" aria-roledescription=\"slide\" aria-label=\"5 sur 15\"><figure class=\"swiper-slide-inner\"><img decoding=\"async\" class=\"swiper-slide-image\" src=\"https:\/\/www.motoclubjmp-racing.com\/wp-content\/uploads\/2025\/02\/LOGO-A-FUNTANELLA-300x294.png\" alt=\"LOGO A FUNTANELLA\" \/><\/figure><\/div><div class=\"swiper-slide\" role=\"group\" aria-roledescription=\"slide\" aria-label=\"6 sur 15\"><figure class=\"swiper-slide-inner\"><img decoding=\"async\" class=\"swiper-slide-image\" src=\"https:\/\/www.motoclubjmp-racing.com\/wp-content\/uploads\/2025\/02\/LOGO-ATOL-MOTO-300x300.jpg\" alt=\"LOGO ATOL MOTO\" \/><\/figure><\/div><div class=\"swiper-slide\" role=\"group\" aria-roledescription=\"slide\" aria-label=\"7 sur 15\"><figure class=\"swiper-slide-inner\"><img decoding=\"async\" class=\"swiper-slide-image\" src=\"https:\/\/www.motoclubjmp-racing.com\/wp-content\/uploads\/2025\/02\/euromat.jpg\" alt=\"euromat\" \/><\/figure><\/div><div class=\"swiper-slide\" role=\"group\" aria-roledescription=\"slide\" aria-label=\"8 sur 15\"><figure class=\"swiper-slide-inner\"><img decoding=\"async\" class=\"swiper-slide-image\" src=\"https:\/\/www.motoclubjmp-racing.com\/wp-content\/uploads\/2025\/02\/LOGO-EVENT-LOCATION-300x294.jpg\" alt=\"LOGO EVENT LOCATION\" \/><\/figure><\/div><div class=\"swiper-slide\" role=\"group\" aria-roledescription=\"slide\" aria-label=\"9 sur 15\"><figure class=\"swiper-slide-inner\"><img decoding=\"async\" class=\"swiper-slide-image\" src=\"https:\/\/www.motoclubjmp-racing.com\/wp-content\/uploads\/2025\/02\/LOGO-FFMOTO-300x221.png\" alt=\"LOGO FFMOTO\" \/><\/figure><\/div><div class=\"swiper-slide\" role=\"group\" aria-roledescription=\"slide\" aria-label=\"10 sur 15\"><figure class=\"swiper-slide-inner\"><img decoding=\"async\" class=\"swiper-slide-image\" src=\"https:\/\/www.motoclubjmp-racing.com\/wp-content\/uploads\/2025\/02\/LOGO-LMRC-2024-300x300.png\" alt=\"LOGO LMRC 2024\" \/><\/figure><\/div><div class=\"swiper-slide\" role=\"group\" aria-roledescription=\"slide\" aria-label=\"11 sur 15\"><figure class=\"swiper-slide-inner\"><img decoding=\"async\" class=\"swiper-slide-image\" src=\"https:\/\/www.motoclubjmp-racing.com\/wp-content\/uploads\/2025\/03\/LOGO-ABEL-300x217.jpg\" alt=\"LOGO-ABEL\" \/><\/figure><\/div><div class=\"swiper-slide\" role=\"group\" aria-roledescription=\"slide\" aria-label=\"12 sur 15\"><figure class=\"swiper-slide-inner\"><img decoding=\"async\" class=\"swiper-slide-image\" src=\"https:\/\/www.motoclubjmp-racing.com\/wp-content\/uploads\/2025\/02\/LOGO-MAIRIE-DE-BOCOGNANO-229x300.png\" alt=\"LOGO MAIRIE DE BOCOGNANO\" \/><\/figure><\/div><div class=\"swiper-slide\" role=\"group\" aria-roledescription=\"slide\" aria-label=\"13 sur 15\"><figure class=\"swiper-slide-inner\"><img decoding=\"async\" class=\"swiper-slide-image\" src=\"https:\/\/www.motoclubjmp-racing.com\/wp-content\/uploads\/2025\/02\/logo_cfc-300x148.jpg\" alt=\"logo_cfc\" \/><\/figure><\/div><div class=\"swiper-slide\" role=\"group\" aria-roledescription=\"slide\" aria-label=\"14 sur 15\"><figure class=\"swiper-slide-inner\"><img decoding=\"async\" class=\"swiper-slide-image\" src=\"https:\/\/www.motoclubjmp-racing.com\/wp-content\/uploads\/2025\/02\/autovision-300x225.jpg\" alt=\"autovision\" \/><\/figure><\/div><div class=\"swiper-slide\" role=\"group\" aria-roledescription=\"slide\" aria-label=\"15 sur 15\"><figure class=\"swiper-slide-inner\"><img decoding=\"async\" class=\"swiper-slide-image\" src=\"https:\/\/www.motoclubjmp-racing.com\/wp-content\/uploads\/2025\/02\/logo-250.jpg\" alt=\"logo-250\" \/><\/figure><\/div>\t\t\t<\/div>\n\t\t\t\t\t\t\t\t\t\t\t\t<div class=\"elementor-swiper-button elementor-swiper-button-prev\" role=\"button\" tabindex=\"0\">\n\t\t\t\t\t\t<svg aria-hidden=\"true\" class=\"e-font-icon-svg e-eicon-chevron-left\" viewBox=\"0 0 1000 1000\" xmlns=\"http:\/\/www.w3.org\/2000\/svg\"><path d=\"M646 125C629 125 613 133 604 142L308 442C296 454 292 471 292 487 292 504 296 521 308 533L604 854C617 867 629 875 646 875 663 875 679 871 692 858 704 846 713 829 713 812 713 796 708 779 692 767L438 487 692 225C700 217 708 204 708 187 708 171 704 154 692 142 675 129 663 125 646 125Z\"><\/path><\/svg>\t\t\t\t\t<\/div>\n\t\t\t\t\t<div class=\"elementor-swiper-button elementor-swiper-button-next\" role=\"button\" tabindex=\"0\">\n\t\t\t\t\t\t<svg aria-hidden=\"true\" class=\"e-font-icon-svg e-eicon-chevron-right\" viewBox=\"0 0 1000 1000\" xmlns=\"http:\/\/www.w3.org\/2000\/svg\"><path d=\"M696 533C708 521 713 504 713 487 713 471 708 454 696 446L400 146C388 133 375 125 354 125 338 125 325 129 313 142 300 154 292 171 292 187 292 204 296 221 308 233L563 492 304 771C292 783 288 800 288 817 288 833 296 850 308 863 321 871 338 875 354 875 371 875 388 867 400 854L696 533Z\"><\/path><\/svg>\t\t\t\t\t<\/div>\n\t\t\t\t\n\t\t\t\t\t\t\t\t\t<div class=\"swiper-pagination\"><\/div>\n\t\t\t\t\t\t\t\t\t<\/div>\n\t\t\t\t\t\t<\/div>\n\t\t\t\t<\/div>\n\t\t\t\t\t<\/div>\n\t\t\t\t<\/div>\n\t\t\t\t<\/div>\n\t\t","protected":false},"excerpt":{"rendered":"<p>Course r\u00e9gionale Enduro TT de la Gravona 19 Octobre 2025 \ud83c\udfc1 Course R\u00e9gionale Enduro TT de la Gravona \u2013 19 octobre 2025 \ud83c\udfcd\ufe0f Nous vous donnons rendez-vous le dimanche 19 octobre 2025 pour une nouvelle \u00e9dition de l&rsquo;Enduro TT de la Gravona ! Cette ann\u00e9e, d\u00e9couvrez un parcours totalement in\u00e9dit, alliant technicit\u00e9, plaisir de pilotage [&hellip;]<\/p>\n","protected":false},"author":1,"featured_media":0,"parent":0,"menu_order":0,"comment_status":"closed","ping_status":"closed","template":"elementor_header_footer","meta":{"ocean_post_layout":"","ocean_both_sidebars_style":"","ocean_both_sidebars_content_width":0,"ocean_both_sidebars_sidebars_width":0,"ocean_sidebar":"","ocean_second_sidebar":"","ocean_disable_margins":"enable","ocean_add_body_class":"","ocean_shortcode_before_top_bar":"","ocean_shortcode_after_top_bar":"","ocean_shortcode_before_header":"","ocean_shortcode_after_header":"","ocean_has_shortcode":"","ocean_shortcode_after_title":"","ocean_shortcode_before_footer_widgets":"","ocean_shortcode_after_footer_widgets":"","ocean_shortcode_before_footer_bottom":"","ocean_shortcode_after_footer_bottom":"","ocean_display_top_bar":"default","ocean_display_header":"default","ocean_header_style":"","ocean_center_header_left_menu":"","ocean_custom_header_template":"","ocean_custom_logo":0,"ocean_custom_retina_logo":0,"ocean_custom_logo_max_width":0,"ocean_custom_logo_tablet_max_width":0,"ocean_custom_logo_mobile_max_width":0,"ocean_custom_logo_max_height":0,"ocean_custom_logo_tablet_max_height":0,"ocean_custom_logo_mobile_max_height":0,"ocean_header_custom_menu":"","ocean_menu_typo_font_family":"","ocean_menu_typo_font_subset":"","ocean_menu_typo_font_size":0,"ocean_menu_typo_font_size_tablet":0,"ocean_menu_typo_font_size_mobile":0,"ocean_menu_typo_font_size_unit":"px","ocean_menu_typo_font_weight":"","ocean_menu_typo_font_weight_tablet":"","ocean_menu_typo_font_weight_mobile":"","ocean_menu_typo_transform":"","ocean_menu_typo_transform_tablet":"","ocean_menu_typo_transform_mobile":"","ocean_menu_typo_line_height":0,"ocean_menu_typo_line_height_tablet":0,"ocean_menu_typo_line_height_mobile":0,"ocean_menu_typo_line_height_unit":"","ocean_menu_typo_spacing":0,"ocean_menu_typo_spacing_tablet":0,"ocean_menu_typo_spacing_mobile":0,"ocean_menu_typo_spacing_unit":"","ocean_menu_link_color":"","ocean_menu_link_color_hover":"","ocean_menu_link_color_active":"","ocean_menu_link_background":"","ocean_menu_link_hover_background":"","ocean_menu_link_active_background":"","ocean_menu_social_links_bg":"","ocean_menu_social_hover_links_bg":"","ocean_menu_social_links_color":"","ocean_menu_social_hover_links_color":"","ocean_disable_title":"default","ocean_disable_heading":"default","ocean_post_title":"","ocean_post_subheading":"","ocean_post_title_style":"","ocean_post_title_background_color":"","ocean_post_title_background":0,"ocean_post_title_bg_image_position":"","ocean_post_title_bg_image_attachment":"","ocean_post_title_bg_image_repeat":"","ocean_post_title_bg_image_size":"","ocean_post_title_height":0,"ocean_post_title_bg_overlay":0.5,"ocean_post_title_bg_overlay_color":"","ocean_disable_breadcrumbs":"default","ocean_breadcrumbs_color":"","ocean_breadcrumbs_separator_color":"","ocean_breadcrumbs_links_color":"","ocean_breadcrumbs_links_hover_color":"","ocean_display_footer_widgets":"default","ocean_display_footer_bottom":"default","ocean_custom_footer_template":"","footnotes":""},"class_list":["post-1347","page","type-page","status-publish","hentry","entry"],"_links":{"self":[{"href":"https:\/\/www.motoclubjmp-racing.com\/index.php\/wp-json\/wp\/v2\/pages\/1347","targetHints":{"allow":["GET"]}}],"collection":[{"href":"https:\/\/www.motoclubjmp-racing.com\/index.php\/wp-json\/wp\/v2\/pages"}],"about":[{"href":"https:\/\/www.motoclubjmp-racing.com\/index.php\/wp-json\/wp\/v2\/types\/page"}],"author":[{"embeddable":true,"href":"https:\/\/www.motoclubjmp-racing.com\/index.php\/wp-json\/wp\/v2\/users\/1"}],"replies":[{"embeddable":true,"href":"https:\/\/www.motoclubjmp-racing.com\/index.php\/wp-json\/wp\/v2\/comments?post=1347"}],"version-history":[{"count":28,"href":"https:\/\/www.motoclubjmp-racing.com\/index.php\/wp-json\/wp\/v2\/pages\/1347\/revisions"}],"predecessor-version":[{"id":1387,"href":"https:\/\/www.motoclubjmp-racing.com\/index.php\/wp-json\/wp\/v2\/pages\/1347\/revisions\/1387"}],"wp:attachment":[{"href":"https:\/\/www.motoclubjmp-racing.com\/index.php\/wp-json\/wp\/v2\/media?parent=1347"}],"curies":[{"name":"wp","href":"https:\/\/api.w.org\/{rel}","templated":true}]}}